{"id":1245,"date":"2019-07-31T19:22:07","date_gmt":"2019-07-31T22:22:07","guid":{"rendered":"https:\/\/iset-tuc.infd.edu.ar\/sitio\/?page_id=1245"},"modified":"2020-10-28T17:25:39","modified_gmt":"2020-10-28T20:25:39","slug":"tecnicatura-de-desarrollo-de-software","status":"publish","type":"page","link":"https:\/\/iset-tuc.infd.edu.ar\/sitio\/tecnicaturas\/tecnicatura-de-desarrollo-de-software\/","title":{"rendered":"Tecnicatura Superior en Desarrollo de Software"},"content":{"rendered":"<div>\n<p><a href=\"https:\/\/drive.google.com\/file\/d\/1SXbDaO-YhoZ4pRQEPp0fDuJwBVYercJR\/view?usp=sharing\"><b>Resoluci\u00f3n Ministerial N\u00b0\u00a0 513\/5 (MEd) &#8211; 12\/0\/2014<\/b><\/a><\/p>\n<p><b>Duraci\u00f3n 3 a\u00f1os<\/b><\/p>\n<p><span style=\"font-weight: 400;\">La carrera tiene como principal objetivo la formaci\u00f3n de t\u00e9cnicos con amplios conocimientos referidos a:<\/span><\/p>\n<ul>\n<li style=\"font-weight: 400;\"><span style=\"font-weight: 400;\">Formar t\u00e9cnicos capacitados para desarrollar en distintos \u00e1mbitos laborales que requieran el uso de tecnolog\u00edas informatizadas.<\/span><\/li>\n<li style=\"font-weight: 400;\"><span style=\"font-weight: 400;\">Formar profesionales id\u00f3neos en la utilizaci\u00f3n de recursos disponibles optimizando y favoreciendo los servicios institucionales.<\/span><\/li>\n<li style=\"font-weight: 400;\"><span style=\"font-weight: 400;\">Propiciar una formaci\u00f3n que posibilite el desarrollo de una actitud \u00e9tica y responsable frente al uso de las tecnolog\u00edas de la informaci\u00f3n tanto en las pr\u00e1cticas laborales, como frente al uso en la sociedad.<\/span><\/li>\n<li style=\"font-weight: 400;\"><span style=\"font-weight: 400;\">Generar espacios de formaci\u00f3n que permitan el desarrollo de un esp\u00edritu cr\u00edtico frente a potenciales riesgos que conllevan las nuevas tecnolog\u00edas favoreciendo el acceso democr\u00e1tico, responsable y tolerante a las distintas fuentes de informaci\u00f3n.<\/span><\/li>\n<\/ul>\n<h3>Perfil profesional<\/h3>\n<p style=\"padding-left: 30px;\"><span style=\"font-weight: 400;\">El T\u00e9cnico Superior en Desarrollo de Software, posee conocimientos que le posibilitar\u00e1 desempe\u00f1arse en distintas empresas, organizaciones lo que implica:<\/span><\/p>\n<p style=\"padding-left: 30px;\"><span style=\"font-weight: 400;\"><img decoding=\"async\" loading=\"lazy\" class=\"wp-image-1248 alignright\" src=\"https:\/\/iset-tuc.infd.edu.ar\/sitio\/wp-content\/uploads\/2019\/07\/desarrollo-1000x562.jpg\" alt=\"\" width=\"287\" height=\"162\" srcset=\"https:\/\/iset-tuc.infd.edu.ar\/sitio\/wp-content\/uploads\/2019\/07\/desarrollo-1000x562.jpg 1000w, https:\/\/iset-tuc.infd.edu.ar\/sitio\/wp-content\/uploads\/2019\/07\/desarrollo-768x432.jpg 768w, https:\/\/iset-tuc.infd.edu.ar\/sitio\/wp-content\/uploads\/2019\/07\/desarrollo.jpg 1033w\" sizes=\"(max-width: 287px) 100vw, 287px\" \/><\/span><\/p>\n<ul>\n<li style=\"font-weight: 400;\"><span style=\"font-weight: 400;\">Realizar el diagn\u00f3stico de necesidades de informaci\u00f3n, dise\u00f1ar nuevos sistemas y\/o modificar los existentes, o participar en la confecci\u00f3n del estudio de factibilidad de proyectos de los mismos.<\/span><\/li>\n<li style=\"font-weight: 400;\"><span style=\"font-weight: 400;\">Realizar el relevamiento, an\u00e1lisis, dise\u00f1o, implementaci\u00f3n y prueba de los sistemas.<\/span><\/li>\n<li style=\"font-weight: 400;\"><span style=\"font-weight: 400;\">Construir el c\u00f3digo de programaci\u00f3n de acuerdo a especificaciones definidas o reutilizar c\u00f3digo existente.<\/span><\/li>\n<li style=\"font-weight: 400;\"><span style=\"font-weight: 400;\">\u00a0<\/span><span style=\"font-weight: 400;\">Verificar el c\u00f3digo desarrollado.<\/span><\/li>\n<li style=\"font-weight: 400;\"><span style=\"font-weight: 400;\">Depurar, optimizar y mantener estructuras l\u00f3gicas o c\u00f3digos de programas.<\/span><\/li>\n<li style=\"font-weight: 400;\"><span style=\"font-weight: 400;\">Colaborar en la evaluaci\u00f3n y selecci\u00f3n de los equipos de procesamiento y comunicaci\u00f3n y de los sistemas de base.<\/span><\/li>\n<li style=\"font-weight: 400;\"><span style=\"font-weight: 400;\">Elaborar documentaci\u00f3n t\u00e9cnica de acuerdo con los requerimientos funcionales y t\u00e9cnicos.<\/span><\/li>\n<li style=\"font-weight: 400;\"><span style=\"font-weight: 400;\">Gestionar proyectos de software propios o de tercero, aplicando testing y normas de calidad.<\/span><\/li>\n<li style=\"font-weight: 400;\"><span style=\"font-weight: 400;\">Realizar pr\u00e1cticas interdisciplinarias para proyectos de emprendimiento en la sociedad.<\/span><\/li>\n<\/ul>\n<\/div>\n<h3>Plan de Estudio<\/h3>\n<h5>1er. A\u00f1o<\/h5>\n<ul>\n<li>Ciudadan\u00eda y Espacio P\u00fablico<\/li>\n<li>Introducci\u00f3n a la inform\u00e1tica<\/li>\n<li>Introducci\u00f3n a Redes<\/li>\n<li>Bases de datos I<\/li>\n<li>Matem\u00e1tica I<\/li>\n<li>Programaci\u00f3n I<\/li>\n<li>Ingl\u00e9s T\u00e9cnico I<\/li>\n<li>Estructura de datos y algoritmos<\/li>\n<li>Taller de Programaci\u00f3n I<\/li>\n<\/ul>\n<h5>2do. A\u00f1o<\/h5>\n<ul>\n<li>Programaci\u00f3n II<\/li>\n<li>Estad\u00edstica Aplicada<\/li>\n<li>Base de datos II<\/li>\n<li>Matem\u00e1tica II<\/li>\n<li>Sistemas de Informaci\u00f3n Empresarial<\/li>\n<li>Ingl\u00e9s T\u00e9cnico II<\/li>\n<li>Redes y Seguridad Inform\u00e1tica<\/li>\n<li>An\u00e1lisis y Dise\u00f1o de Sistemas<\/li>\n<li>Laboratorio de Programaci\u00f3n II<\/li>\n<li>Taller de Programaci\u00f3n II<\/li>\n<\/ul>\n<h5>3er. A\u00f1o<\/h5>\n<ul>\n<li>Emprendimientos Tecnol\u00f3gicos<\/li>\n<li>Gesti\u00f3n de proyectos y Software de Calidad<\/li>\n<li>Programaci\u00f3n III<\/li>\n<li>Ingl\u00e9s T\u00e9cnico III<\/li>\n<li>\u00c9tica y Deontolog\u00eda Profesional<\/li>\n<li>Legislaci\u00f3n de software<\/li>\n<li>Programaci\u00f3n Avanzada<\/li>\n<li>Taller de Programaci\u00f3n III<\/li>\n<\/ul>\n","protected":false},"excerpt":{"rendered":"<p>Resoluci\u00f3n Ministerial N\u00b0\u00a0 513\/5 (MEd) &#8211; 12\/0\/2014 Duraci\u00f3n 3 a\u00f1os La carrera tiene como principal objetivo la formaci\u00f3n de t\u00e9cnicos con amplios conocimientos referidos a: Formar t\u00e9cnicos capacitados para desarrollar en distintos \u00e1mbitos laborales que requieran el uso de tecnolog\u00edas informatizadas. Formar profesionales id\u00f3neos en la utilizaci\u00f3n de recursos disponibles optimizando y favoreciendo los servicios &#8230; <a title=\"Tecnicatura Superior en Desarrollo de Software\" class=\"read-more\" href=\"https:\/\/iset-tuc.infd.edu.ar\/sitio\/tecnicaturas\/tecnicatura-de-desarrollo-de-software\/\" aria-label=\"More on Tecnicatura Superior en Desarrollo de Software\">[+]<\/a><\/p>\n","protected":false},"author":2160,"featured_media":0,"parent":912,"menu_order":1,"comment_status":"closed","ping_status":"closed","template":"","meta":[],"acf":[],"_links":{"self":[{"href":"https:\/\/iset-tuc.infd.edu.ar\/sitio\/wp-json\/wp\/v2\/pages\/1245"}],"collection":[{"href":"https:\/\/iset-tuc.infd.edu.ar\/sitio\/wp-json\/wp\/v2\/pages"}],"about":[{"href":"https:\/\/iset-tuc.infd.edu.ar\/sitio\/wp-json\/wp\/v2\/types\/page"}],"author":[{"embeddable":true,"href":"https:\/\/iset-tuc.infd.edu.ar\/sitio\/wp-json\/wp\/v2\/users\/2160"}],"replies":[{"embeddable":true,"href":"https:\/\/iset-tuc.infd.edu.ar\/sitio\/wp-json\/wp\/v2\/comments?post=1245"}],"version-history":[{"count":17,"href":"https:\/\/iset-tuc.infd.edu.ar\/sitio\/wp-json\/wp\/v2\/pages\/1245\/revisions"}],"predecessor-version":[{"id":1729,"href":"https:\/\/iset-tuc.infd.edu.ar\/sitio\/wp-json\/wp\/v2\/pages\/1245\/revisions\/1729"}],"up":[{"embeddable":true,"href":"https:\/\/iset-tuc.infd.edu.ar\/sitio\/wp-json\/wp\/v2\/pages\/912"}],"wp:attachment":[{"href":"https:\/\/iset-tuc.infd.edu.ar\/sitio\/wp-json\/wp\/v2\/media?parent=1245"}],"curies":[{"name":"wp","href":"https:\/\/api.w.org\/{rel}","templated":true}]}}