{"id":1257,"date":"2019-07-31T19:53:38","date_gmt":"2019-07-31T22:53:38","guid":{"rendered":"https:\/\/iset-tuc.infd.edu.ar\/sitio\/?page_id=1257"},"modified":"2020-07-17T18:05:01","modified_gmt":"2020-07-17T21:05:01","slug":"tec-sup-en-gestion-ambiental","status":"publish","type":"page","link":"https:\/\/iset-tuc.infd.edu.ar\/sitio\/tecnicaturas\/tec-sup-en-gestion-ambiental\/","title":{"rendered":"Tecnicatura Superior en Gesti\u00f3n Ambiental"},"content":{"rendered":"<p><a href=\"https:\/\/drive.google.com\/open?id=1WxfEDpTsYMaShf7haQOxsRrvcxeSNO23\"><b>Resolucion Ministerial N\u00b0 0609\/5 (MEd) 22\/05\/2017<\/b><\/a><\/p>\n<p><b>Duraci\u00f3n 3 a\u00f1os<\/b><\/p>\n<p><span style=\"font-weight: 400;\">La carrera tiene como principal objetivo la formaci\u00f3n de t\u00e9cnicos capacitados\u00a0 para aplicar y transferir conocimientos, habilidades, destrezas, valores y actitudes en situaciones reales de trabajo, conforme a criterios de profesionalidad propias de su \u00e1rea, acorde con el desarrollo sustentable y responsabilidad social al:<\/span><\/p>\n<ul>\n<li style=\"font-weight: 400;\"><span style=\"font-weight: 400;\">Participar en proyectos, dise\u00f1os y gestiones referidas al ordenamiento ambiental.<\/span><\/li>\n<li style=\"font-weight: 400;\"><span style=\"font-weight: 400;\">Aplicar m\u00e9todos y t\u00e9cnicas de monitoreo y recopilaci\u00f3n de datos.<\/span><\/li>\n<li style=\"font-weight: 400;\"><span style=\"font-weight: 400;\">Verificar la aplicaci\u00f3n de la normativa ambiental vigente tanto de cumplimiento obligatorio como voluntario.<\/span><\/li>\n<li style=\"font-weight: 400;\"><span style=\"font-weight: 400;\">Promover y participar en la planificaci\u00f3n de sistemas de gesti\u00f3n ambiental<\/span><\/li>\n<li style=\"font-weight: 400;\"><span style=\"font-weight: 400;\">Ejecutar y\/o implementar sistemas de gesti\u00f3n ambiental.<\/span><\/li>\n<li style=\"font-weight: 400;\"><span style=\"font-weight: 400;\">Seleccionar y asesorar en servicios y productos del \u00e1rea ambiental.<\/span><\/li>\n<li style=\"font-weight: 400;\"><span style=\"font-weight: 400;\">Gestionar ante organismos p\u00fablicos y privados la tramitaci\u00f3n de expedientes relativos a cuestiones ambientales p\u00fablicas o privadas.<\/span><\/li>\n<li style=\"font-weight: 400;\"><span style=\"font-weight: 400;\">Planificar e implementar programas y campa\u00f1as de informaci\u00f3n y educaci\u00f3n ambiental en el marco de las pol\u00edticas ambientales vigente.<\/span><\/li>\n<li style=\"font-weight: 400;\"><span style=\"font-weight: 400;\">Interactuar con profesionales de distintos campos en el relevamiento, evaluaci\u00f3n y gesti\u00f3n de las condiciones ambientales y en la prevenci\u00f3n de accidentes, tanto en el \u00e1mbito de trabajo como en la comunidad en la que se encuentra.<\/span><\/li>\n<\/ul>\n<p><span style=\"font-weight: 400;\">La formaci\u00f3n le permitir\u00e1, a su vez, el desempe\u00f1o de esas funciones con las siguientes capacidades:<\/span><\/p>\n<ul>\n<li style=\"font-weight: 400;\"><span style=\"font-weight: 400;\">Conocimiento s\u00f3lido e integral de los distintos aspectos que constituyen su campo de trabajo.<\/span><\/li>\n<li style=\"font-weight: 400;\"><span style=\"font-weight: 400;\">Capacidad de coordinaci\u00f3n y de trabajo en equipo.<\/span><\/li>\n<li style=\"font-weight: 400;\"><span style=\"font-weight: 400;\">Autonom\u00eda, juicio cr\u00edtico y compromiso \u00e9tico para s\u00ed mismo y para con los dem\u00e1s.<\/span><\/li>\n<li style=\"font-weight: 400;\"><span style=\"font-weight: 400;\">Actitud de actualizaci\u00f3n permanente sobre todas las \u00e1reas que hacen a su profesi\u00f3n.<\/span><\/li>\n<li style=\"font-weight: 400;\"><span style=\"font-weight: 400;\">Capacidad<\/span> <span style=\"font-weight: 400;\">de \u00a0 <\/span> <span style=\"font-weight: 400;\">indagaci\u00f3n,\u00a0 sistematizaci\u00f3n, \u00a0 <\/span> <span style=\"font-weight: 400;\">procesamiento, interpretaci\u00f3n y producci\u00f3n de informaci\u00f3n de distinta \u00edndole<\/span><\/li>\n<\/ul>\n<h3>Perfil profesional<\/h3>\n<p><span class=\"fontstyle0\">El egresado de esta carrera contar\u00e1 con s\u00f3lidos conocimientos cient\u00edficos, t\u00e9cnicos y human\u00edsticos, que le posibilitaran desempe\u00f1arse con idoneidad y compromiso \u00e9tico y social, en los diferentes \u00e1mbitos relacionados al cuidado, preservaci\u00f3n y recuperaci\u00f3n del medio ambiente, que incluye:<\/span><\/p>\n<p><span class=\"fontstyle0\"><img decoding=\"async\" loading=\"lazy\" class=\"wp-image-1270 alignright\" src=\"https:\/\/iset-tuc.infd.edu.ar\/sitio\/wp-content\/uploads\/2019\/08\/gestion-ambiental-1280x1024.jpg\" alt=\"\" width=\"299\" height=\"190\" \/><\/span><\/p>\n<ul>\n<li><span class=\"fontstyle0\">Articular y transferir al \u00e1mbito productivo los diferentes cuerpos de saberes cient\u00edficos, t\u00e9cnicos y human\u00edsticos.<\/span><\/li>\n<li><span class=\"fontstyle0\">Proporcionar soluciones sustentables basadas en la calidad acad\u00e9mica adquirida y en las destrezas desarrolladas en las pr\u00e1cticas profesionales en el ejercicio de la gesti\u00f3n ambiental.<\/span><\/li>\n<li><span class=\"fontstyle0\">Promover la preservaci\u00f3n y el mejoramiento del medio ambiente, a partir de la realizaci\u00f3n de eco-auditor\u00edas y estudios de control de calidad de procesos.<\/span><\/li>\n<li><span class=\"fontstyle0\">Promocionar y concienciar a trav\u00e9s de la formaci\u00f3n de la implicancia de los aspectos relacionados con la contaminaci\u00f3n derivados de la actividad humana.<\/span><\/li>\n<li><span class=\"fontstyle0\">Aportar una mirada hol\u00edstica a los procesos producidos por la actividad humana en miras de preservar los ecosistemas.<\/span><\/li>\n<\/ul>\n<h3>Plan de estudio<\/h3>\n<h5>1er. a\u00f1o<\/h5>\n<ul>\n<li>Matem\u00e1tica<\/li>\n<li>Biolog\u00eda<\/li>\n<li>F\u00edsica<\/li>\n<li>Ambiente y Sociedad<\/li>\n<li>Estad\u00edstica Aplicada<\/li>\n<li>Tecnolog\u00edas de la Informaci\u00f3n y la Comunicaci\u00f3n<\/li>\n<li>Qu\u00edmica General e Inorg\u00e1nica<\/li>\n<li>Ingl\u00e9s<\/li>\n<li>Ecolog\u00eda<\/li>\n<li>Eficiencia Energ\u00e9tica y Desarrollo<\/li>\n<li>Pr\u00e1cticas Profesionalizantes I<\/li>\n<\/ul>\n<h5>2do. a\u00f1o<\/h5>\n<ul>\n<li>Sociolog\u00eda de las Organizaciones<\/li>\n<li>Qu\u00edmica Org\u00e1nica y Biol\u00f3gica<\/li>\n<li>Geolog\u00eda e Hidrolog\u00eda<\/li>\n<li>Ecolog\u00eda Urbana y Rural<\/li>\n<li>Derecho Ambiental<\/li>\n<li>Metodolog\u00eda de la Investigaci\u00f3n Cient\u00edfica<\/li>\n<li>Climatolog\u00eda<\/li>\n<li>Qu\u00edmica Ambiental<\/li>\n<li>Sistemas de Gesti\u00f3n Ambiental<\/li>\n<li>Pr\u00e1cticas Profesionalizantes II<\/li>\n<\/ul>\n<h5>3er. a\u00f1o<\/h5>\n<ul>\n<li>Ordenamiento Territorial<\/li>\n<li>Gesti\u00f3n y Administraci\u00f3n<\/li>\n<li>Ambiental<\/li>\n<li>Seguridad y Salud Laboral<\/li>\n<li>Seguridad Ambiental<\/li>\n<li>Educaci\u00f3n y Comunicaci\u00f3n Ambiental<\/li>\n<li>Econom\u00eda Ambiental<\/li>\n<li>\u00c9tica y Deontolog\u00eda Profesional<\/li>\n<li>Toxicolog\u00eda Ambiental<\/li>\n<li>Estudio y Evaluaci\u00f3n Ambiental<\/li>\n<li>Pr\u00e1cticas Profesionalizantes III<\/li>\n<\/ul>\n","protected":false},"excerpt":{"rendered":"<p>Resolucion Ministerial N\u00b0 0609\/5 (MEd) 22\/05\/2017 Duraci\u00f3n 3 a\u00f1os La carrera tiene como principal objetivo la formaci\u00f3n de t\u00e9cnicos capacitados\u00a0 para aplicar y transferir conocimientos, habilidades, destrezas, valores y actitudes en situaciones reales de trabajo, conforme a criterios de profesionalidad propias de su \u00e1rea, acorde con el desarrollo sustentable y responsabilidad social al: Participar en &#8230; <a title=\"Tecnicatura Superior en Gesti\u00f3n Ambiental\" class=\"read-more\" href=\"https:\/\/iset-tuc.infd.edu.ar\/sitio\/tecnicaturas\/tec-sup-en-gestion-ambiental\/\" aria-label=\"More on Tecnicatura Superior en Gesti\u00f3n Ambiental\">[+]<\/a><\/p>\n","protected":false},"author":2160,"featured_media":0,"parent":912,"menu_order":2,"comment_status":"closed","ping_status":"closed","template":"","meta":[],"acf":[],"_links":{"self":[{"href":"https:\/\/iset-tuc.infd.edu.ar\/sitio\/wp-json\/wp\/v2\/pages\/1257"}],"collection":[{"href":"https:\/\/iset-tuc.infd.edu.ar\/sitio\/wp-json\/wp\/v2\/pages"}],"about":[{"href":"https:\/\/iset-tuc.infd.edu.ar\/sitio\/wp-json\/wp\/v2\/types\/page"}],"author":[{"embeddable":true,"href":"https:\/\/iset-tuc.infd.edu.ar\/sitio\/wp-json\/wp\/v2\/users\/2160"}],"replies":[{"embeddable":true,"href":"https:\/\/iset-tuc.infd.edu.ar\/sitio\/wp-json\/wp\/v2\/comments?post=1257"}],"version-history":[{"count":10,"href":"https:\/\/iset-tuc.infd.edu.ar\/sitio\/wp-json\/wp\/v2\/pages\/1257\/revisions"}],"predecessor-version":[{"id":1594,"href":"https:\/\/iset-tuc.infd.edu.ar\/sitio\/wp-json\/wp\/v2\/pages\/1257\/revisions\/1594"}],"up":[{"embeddable":true,"href":"https:\/\/iset-tuc.infd.edu.ar\/sitio\/wp-json\/wp\/v2\/pages\/912"}],"wp:attachment":[{"href":"https:\/\/iset-tuc.infd.edu.ar\/sitio\/wp-json\/wp\/v2\/media?parent=1257"}],"curies":[{"name":"wp","href":"https:\/\/api.w.org\/{rel}","templated":true}]}}