{"id":1286,"date":"2019-10-19T07:36:48","date_gmt":"2019-10-19T10:36:48","guid":{"rendered":"https:\/\/iset-tuc.infd.edu.ar\/sitio\/?page_id=1286"},"modified":"2024-11-11T08:07:37","modified_gmt":"2024-11-11T11:07:37","slug":"tecnicatura-superior-en-automatizacion-y-robotica-industrial","status":"publish","type":"page","link":"https:\/\/iset-tuc.infd.edu.ar\/sitio\/tecnicaturas\/tecnicatura-superior-en-automatizacion-y-robotica-industrial\/","title":{"rendered":"Tecnicatura Superior en Automatizaci\u00f3n y Rob\u00f3tica Industrial"},"content":{"rendered":"<h5><a href=\"https:\/\/drive.google.com\/open?id=1P3JOgqjrbdG83asepCd3qeoFoK6CCKVy\">Resoluci\u00f3n Ministerial N\u00b00610\/5 (MEd)-22\/5\/2017<\/a><\/h5>\n<h5>Duraci\u00f3n 3 a\u00f1os<\/h5>\n<p><span style=\"font-weight: 400;\">La carrera tiene como eje principal la formaci\u00f3n de t\u00e9cnicos con amplios conocimientos referidos a la electr\u00f3nica,\u00a0 la automatizaci\u00f3n, la instrumentaci\u00f3n, los sistemas de control y la rob\u00f3tica, dentro de esta amplia variedad de conocimientos y productos tecnol\u00f3gicos el profesional debe conocer y manejar la permanente actualizaci\u00f3n de los adelantos y las nuevas tecnolog\u00edas. En este \u00e1mbito se ubican los procesos y procedimientos que integran, coordinan, y controlan el funcionamiento general de los procesos productivos dentro de la empresa y las construcciones civiles vinculando terminales operativas, informaci\u00f3n, fallas, sistemas realimentados y mejoras continuas dentro de los procesos para optimizarlo.\u00a0<\/span><\/p>\n<p><img decoding=\"async\" loading=\"lazy\" class=\"alignright\" src=\"http:\/\/cdn.midiamax.com.br\/elasticbeanstalk-us-west-2-809048387867\/uploads\/2019\/08\/img_65_180122_0d560bb7-79b9-499d-a8be-eebacb130705_o.jpg\" width=\"320\" height=\"205\" \/><\/p>\n<p><span style=\"font-weight: 400;\">Por lo mencionado se torna imprescindible la formaci\u00f3n de un profesional competente para adaptarse a los cambios constantes de las tecnolog\u00edas aplicadas y utilizadas en los distintos \u00e1mbitos, con un perfil creativo e innovador y con afinidad al trabajo en equipo. En general, este profesional actuar\u00e1 en las siguientes funciones:<\/span><\/p>\n<ul>\n<li><span style=\"font-weight: 400;\"> Dise\u00f1o de sistemas e instalaciones para la automatizaci\u00f3n y control de equipos instalaciones implicados en los procesos productivos y las construcciones civiles.<\/span><\/li>\n<li><span style=\"font-weight: 400;\"> Ejecuci\u00f3n y supervisi\u00f3n del montaje y el mantenimiento de instalaciones relacionadas con el control y la rob\u00f3tica.<\/span><\/li>\n<li><span style=\"font-weight: 400;\"> Gesti\u00f3n de la informaci\u00f3n, de los procesos y servicios de producci\u00f3n.<\/span><\/li>\n<li><span style=\"font-weight: 400;\"> Gesti\u00f3n, dentro de su \u00e1rea, de propuestas de mejoras en la calidad de procesos y productos, del impacto ambiental de la actividad y de costos de producci\u00f3n.<\/span><\/li>\n<\/ul>\n<h2>Perfil profesional<\/h2>\n<p><span style=\"font-weight: 400;\">El T\u00e9cnico Superior en Automatizaci\u00f3n y Rob\u00f3tica Industrial estar\u00e1 capacitado para proyectar y dise\u00f1ar; montar, operar y mantener instalaciones destinadas a la automatizaci\u00f3n y control de equipos e instalaciones; comercializar, seleccionar, asesorar, generar y\/o participar en emprendimientos vinculados con \u00e1reas de su profesionalidad, lo que incluye especificamente:<\/span><\/p>\n<ul>\n<li style=\"font-weight: 400;\"><span style=\"font-weight: 400;\">Proyectar, dise\u00f1ar y realizar el montaje de instalaciones de automatizaci\u00f3n y control de equipos e instalaciones.<\/span><\/li>\n<li style=\"font-weight: 400;\"><span style=\"font-weight: 400;\">Proyectar y dise\u00f1ar automatizaci\u00f3n de equipos e instalaciones mec\u00e1nicas, electromec\u00e1nicas, de sistemas neum\u00e1ticos, oleohidra\u00falicos y sus componentes.\u00a0<\/span><\/li>\n<li style=\"font-weight: 400;\"><span style=\"font-weight: 400;\">Proyectar y dise\u00f1ar circuitos, componentes el\u00e9ctricos y de control de automatismos.<\/span><\/li>\n<li style=\"font-weight: 400;\"><span style=\"font-weight: 400;\">Producir y administrar la documentaci\u00f3n t\u00e9cnica y mantener actualizados los legajos t\u00e9cnicos de los equipos, m\u00e1quinas e instalaciones.<\/span><\/li>\n<li style=\"font-weight: 400;\"><span style=\"font-weight: 400;\">Montar y modificar la automatizaci\u00f3n y control de equipos e instalaciones y sistemas mec\u00e1nicos, neum\u00e1ticos, oleohidra\u00falicos, el\u00e9ctricos y electromec\u00e1nicos.<\/span><\/li>\n<li style=\"font-weight: 400;\"><span style=\"font-weight: 400;\">Operar equipos e instalaciones industriales, de edificios e infraestructura urbana.\u00a0<\/span><\/li>\n<li style=\"font-weight: 400;\"><span style=\"font-weight: 400;\">Programar controladores de sistemas autom\u00e1ticos.<\/span><\/li>\n<li style=\"font-weight: 400;\"><span style=\"font-weight: 400;\">Participar en la gesti\u00f3n de la producci\u00f3n.<\/span><\/li>\n<li style=\"font-weight: 400;\"><span style=\"font-weight: 400;\">Realizar el mantenimiento preventivo, predictivo y correctivo del equipamiento e instalaciones.\u00a0<\/span><\/li>\n<li style=\"font-weight: 400;\"><span style=\"font-weight: 400;\">Participar en la elaboraci\u00f3n de los procedimientos y las especificaciones del mantenimiento preventivo, predictivo y correctivo.<\/span><\/li>\n<li style=\"font-weight: 400;\"><span style=\"font-weight: 400;\">Planificar, programar y coordinar las actividades espec\u00edficas para realizar el mantenimiento preventivo, predictivo y correctivo.<\/span><\/li>\n<li style=\"font-weight: 400;\"><span style=\"font-weight: 400;\">Realizar, en su \u00e1mbito de actuaci\u00f3n, el an\u00e1lisis, reformulaci\u00f3n y optimizaci\u00f3n del mantenimiento preventivo, predictivo y correctivo.<\/span><\/li>\n<li style=\"font-weight: 400;\"><span style=\"font-weight: 400;\">Realizar y controlar el mantenimiento preventivo y correctivo.<\/span><\/li>\n<li style=\"font-weight: 400;\"><span style=\"font-weight: 400;\">Reparar y construir componentes o repuestos de los equipos.<\/span><\/li>\n<li style=\"font-weight: 400;\"><span style=\"font-weight: 400;\">Reparar y reconstruir instalaciones.<\/span><\/li>\n<li style=\"font-weight: 400;\"><span style=\"font-weight: 400;\">Comercializar, seleccionar asesorar y capacitar en la operaci\u00f3n de equipamiento e instalaciones electromec\u00e1nicas. Programar, coordinar y controlar servicios y suministros contratados a terceros.<\/span><\/li>\n<li style=\"font-weight: 400;\"><span style=\"font-weight: 400;\">Generaci\u00f3n y\/o participaci\u00f3n en emprendimientos. Identificar el proyecto de emprendimiento. Participar en la formulaci\u00f3n y evaluaci\u00f3n de la factibilidad t\u00e9cnico econ\u00f3mica del proyecto de emprendimiento. Programar y poner en marcha el emprendimiento. Gestionar el emprendimiento.<\/span><\/li>\n<\/ul>\n<h2>Plan de estudio<\/h2>\n<p><b>Primer A\u00f1o<\/b><\/p>\n<ul>\n<li style=\"font-weight: 400;\"><span style=\"font-weight: 400;\">Sistemas de Representaci\u00f3n<\/span><\/li>\n<li style=\"font-weight: 400;\"><span style=\"font-weight: 400;\">Matem\u00e1tica<\/span><\/li>\n<li style=\"font-weight: 400;\"><span style=\"font-weight: 400;\">F\u00edsica<\/span><\/li>\n<li style=\"font-weight: 400;\"><span style=\"font-weight: 400;\">Herramientas Inform\u00e1ticas I<\/span><\/li>\n<li style=\"font-weight: 400;\"><span style=\"font-weight: 400;\">Tecnolog\u00eda de los Materiales<\/span><\/li>\n<li style=\"font-weight: 400;\"><span style=\"font-weight: 400;\">Mec\u00e1nica I<\/span><\/li>\n<li style=\"font-weight: 400;\"><span style=\"font-weight: 400;\">M\u00e1quinas y Herramientas B\u00e1sicas<\/span><\/li>\n<li style=\"font-weight: 400;\"><span style=\"font-weight: 400;\">Laboratorio de Mec\u00e1nica<\/span><\/li>\n<li style=\"font-weight: 400;\"><span style=\"font-weight: 400;\">Ingl\u00e9s T\u00e9cnico I<\/span><\/li>\n<li style=\"font-weight: 400;\"><span style=\"font-weight: 400;\">Pr\u00e1cticas Profesionalizantes I<\/span><\/li>\n<\/ul>\n<p><b>Segundo A\u00f1o<\/b><\/p>\n<ul>\n<li style=\"font-weight: 400;\"><span style=\"font-weight: 400;\">Formulaci\u00f3n y Evaluaci\u00f3n de Proyectos<\/span><\/li>\n<li style=\"font-weight: 400;\"><span style=\"font-weight: 400;\">Electrotecnia I<\/span><\/li>\n<li style=\"font-weight: 400;\"><span style=\"font-weight: 400;\">Seguridad e Higiene en el Trabajo<\/span><\/li>\n<li style=\"font-weight: 400;\"><span style=\"font-weight: 400;\">Ingl\u00e9s T\u00e9cnico II<\/span><\/li>\n<li style=\"font-weight: 400;\"><span style=\"font-weight: 400;\">Electr\u00f3nica y Sistemas Digitales\u00a0<\/span><\/li>\n<li style=\"font-weight: 400;\"><span style=\"font-weight: 400;\">Sistemas de Control<\/span><\/li>\n<li style=\"font-weight: 400;\"><span style=\"font-weight: 400;\">Herramientas Inform\u00e1ticas II<\/span><\/li>\n<li style=\"font-weight: 400;\"><span style=\"font-weight: 400;\">Mec\u00e1nica II<\/span><\/li>\n<li style=\"font-weight: 400;\"><span style=\"font-weight: 400;\">Rob\u00f3tica I<\/span><\/li>\n<li style=\"font-weight: 400;\"><span style=\"font-weight: 400;\">Pr\u00e1cticas Profesionalizantes II<\/span><\/li>\n<\/ul>\n<p><b>Tercer A\u00f1o<\/b><\/p>\n<ul>\n<li style=\"font-weight: 400;\"><span style=\"font-weight: 400;\">Derecho Laboral<\/span><\/li>\n<li style=\"font-weight: 400;\"><span style=\"font-weight: 400;\">Sensores y Actuadores<\/span><\/li>\n<li style=\"font-weight: 400;\"><span style=\"font-weight: 400;\">Microcontroladores y PCL<\/span><\/li>\n<li style=\"font-weight: 400;\"><span style=\"font-weight: 400;\">Hidr\u00e1ulica<\/span><\/li>\n<li style=\"font-weight: 400;\"><span style=\"font-weight: 400;\">Neum\u00e1tica<\/span><\/li>\n<li style=\"font-weight: 400;\"><span style=\"font-weight: 400;\">Organizaci\u00f3n y Marketing de Talleres<\/span><\/li>\n<li style=\"font-weight: 400;\"><span style=\"font-weight: 400;\">Electrotecnia II<\/span><\/li>\n<li style=\"font-weight: 400;\"><span style=\"font-weight: 400;\">Laboratorio de Microprocesadores<\/span><\/li>\n<li style=\"font-weight: 400;\"><span style=\"font-weight: 400;\">Rob\u00f3tica II<\/span><\/li>\n<li style=\"font-weight: 400;\"><span style=\"font-weight: 400;\">Pr\u00e1cticas Profesionalizantes III<\/span><b><\/b><\/li>\n<\/ul>\n<h2>-&gt;<b><a href=\"https:\/\/iset-tuc.infd.edu.ar\/sitio\/info-inscripciones2\/\">Requisitos e Informaci\u00f3n<\/a><\/b><\/h2>\n<h2><a href=\"https:\/\/docs.google.com\/forms\/d\/e\/1FAIpQLScOq0td2hixh20e7SI7krL5IPdayC-GuXmi9pnq_ET25brzog\/viewform\">-&gt; <\/a><a href=\"https:\/\/docs.google.com\/forms\/d\/e\/1FAIpQLSeX34YVn_eE2r9SvN3PjykIVTbpkmLCxc85iZf7rsjlNBMglA\/viewform\">Formulario de Pre \u2013 Inscripci\u00f3n<\/a><\/h2>\n","protected":false},"excerpt":{"rendered":"<p>Resoluci\u00f3n Ministerial N\u00b00610\/5 (MEd)-22\/5\/2017 Duraci\u00f3n 3 a\u00f1os La carrera tiene como eje principal la formaci\u00f3n de t\u00e9cnicos con amplios conocimientos referidos a la electr\u00f3nica,\u00a0 la automatizaci\u00f3n, la instrumentaci\u00f3n, los sistemas de control y la rob\u00f3tica, dentro de esta amplia variedad de conocimientos y productos tecnol\u00f3gicos el profesional debe conocer y manejar la permanente actualizaci\u00f3n de &#8230; <a title=\"Tecnicatura Superior en Automatizaci\u00f3n y Rob\u00f3tica Industrial\" class=\"read-more\" href=\"https:\/\/iset-tuc.infd.edu.ar\/sitio\/tecnicaturas\/tecnicatura-superior-en-automatizacion-y-robotica-industrial\/\" aria-label=\"More on Tecnicatura Superior en Automatizaci\u00f3n y Rob\u00f3tica Industrial\">[+]<\/a><\/p>\n","protected":false},"author":2160,"featured_media":0,"parent":912,"menu_order":3,"comment_status":"closed","ping_status":"closed","template":"","meta":[],"acf":[],"_links":{"self":[{"href":"https:\/\/iset-tuc.infd.edu.ar\/sitio\/wp-json\/wp\/v2\/pages\/1286"}],"collection":[{"href":"https:\/\/iset-tuc.infd.edu.ar\/sitio\/wp-json\/wp\/v2\/pages"}],"about":[{"href":"https:\/\/iset-tuc.infd.edu.ar\/sitio\/wp-json\/wp\/v2\/types\/page"}],"author":[{"embeddable":true,"href":"https:\/\/iset-tuc.infd.edu.ar\/sitio\/wp-json\/wp\/v2\/users\/2160"}],"replies":[{"embeddable":true,"href":"https:\/\/iset-tuc.infd.edu.ar\/sitio\/wp-json\/wp\/v2\/comments?post=1286"}],"version-history":[{"count":17,"href":"https:\/\/iset-tuc.infd.edu.ar\/sitio\/wp-json\/wp\/v2\/pages\/1286\/revisions"}],"predecessor-version":[{"id":2466,"href":"https:\/\/iset-tuc.infd.edu.ar\/sitio\/wp-json\/wp\/v2\/pages\/1286\/revisions\/2466"}],"up":[{"embeddable":true,"href":"https:\/\/iset-tuc.infd.edu.ar\/sitio\/wp-json\/wp\/v2\/pages\/912"}],"wp:attachment":[{"href":"https:\/\/iset-tuc.infd.edu.ar\/sitio\/wp-json\/wp\/v2\/media?parent=1286"}],"curies":[{"name":"wp","href":"https:\/\/api.w.org\/{rel}","templated":true}]}}