{"id":2164,"date":"2023-04-12T21:20:40","date_gmt":"2023-04-13T00:20:40","guid":{"rendered":"https:\/\/iset-tuc.infd.edu.ar\/sitio\/?page_id=2164"},"modified":"2023-04-25T11:23:47","modified_gmt":"2023-04-25T14:23:47","slug":"actualizacion-academica","status":"publish","type":"page","link":"https:\/\/iset-tuc.infd.edu.ar\/sitio\/actualizacion-academica\/","title":{"rendered":"Formaci\u00f3n docente para nuevas pr\u00e1cticas"},"content":{"rendered":"\n<p><strong>Actualizaci\u00f3n Acad\u00e9mica<\/strong><\/p>\n\n\n\n<figure class=\"wp-block-image size-full is-resized\"><img decoding=\"async\" loading=\"lazy\" src=\"https:\/\/iset-tuc.infd.edu.ar\/sitio\/wp-content\/uploads\/2023\/04\/actualizacion-3.png\" alt=\"\" class=\"wp-image-2165\" width=\"1016\" height=\"307\"\/><\/figure>\n\n\n\n<p><strong>Cohorte: 2023<\/strong><\/p>\n\n\n\n<ul>\n<li><strong>Modalidad: a distancia<\/strong> (virtual)<strong>, <\/strong>en el\u00a0 Campus Virtual del Ministerio de Educaci\u00f3n &#8211; https:\/\/campus.educaciontuc.gov.ar\/lms\/<br><\/li>\n\n\n\n<li><strong>Destinatarios: <\/strong>Docentes de Nivel Secundario, T\u00e9cnico Profesional y Superior, de todas las \u00e1reas y todos los circuitos.\u00a0 Profesionales con t\u00edtulo universitario, que no poseen t\u00edtulo docente de base, con antig\u00fcedad m\u00ednima de 5 a\u00f1os.<br><\/li>\n\n\n\n<li><strong>Carga horaria total: <\/strong>200 hs reloj<br><\/li>\n\n\n\n<li><strong>Inicio: Mayo 2023\u00a0<\/strong><br><\/li>\n\n\n\n<li><strong>Requisitos de Admisi\u00f3n: <\/strong>T\u00edtulo de grado universitario, terciario docente o no docente, o quienes no poseen t\u00edtulo de base docente pero ejerzan la docencia con un m\u00ednimo de 5 a\u00f1os.<br><\/li>\n\n\n\n<li><strong>Preinscripcion:<\/strong>\u00a0del 25\/4 al 10\/5 de 19 a 21 hs. en ISET( Domingo Garc\u00eda 47)<br><\/li>\n\n\n\n<li><strong>Inscripci\u00f3n por plataforma FORMAR<\/strong><\/li>\n<\/ul>\n\n\n\n<ul>\n<li><strong>Acerca de la Actualizaci\u00f3n<\/strong><\/li>\n<\/ul>\n\n\n\n<p>Esta actualizaci\u00f3n acad\u00e9mica, que se propone desarrollar instancias de desarrollo profesional y formaci\u00f3n pedag\u00f3gica, promoviendo instancias de innovaci\u00f3n y transformaci\u00f3n en las instituciones educativas. Trabajaremos los aspectos de la tarea docente que aparecen como nuevos requerimientos y exigencias al rol profesional. Esta propuesta se aborda desde una perspectiva multireferencial que intenta dar cuenta de&nbsp; la complejidad del fen\u00f3meno educativo. En este marco los contenidos de los Cursos y Talleres que se desarrollar\u00e1n ser\u00e1n trabajados desde las siguientes dimensiones de an\u00e1lisis:<\/p>\n\n\n\n<ul>\n<li>Socio-pol\u00edtica<\/li>\n\n\n\n<li>Did\u00e1ctica &#8211; Curricular<\/li>\n\n\n\n<li>Institucional<\/li>\n\n\n\n<li>Psicolog\u00eda Educacional<\/li>\n\n\n\n<li>TIC<\/li>\n\n\n\n<li>Pol\u00edtico-intercultural<\/li>\n<\/ul>\n\n\n\n<ul>\n<li>La actualizaci\u00f3n se organiza de la siguiente manera:<\/li>\n<\/ul>\n\n\n\n<p><strong>M\u00f3dulo I <\/strong>: Marco Normativo e Instituci\u00f3n Educativa<\/p>\n\n\n\n<p><strong>M\u00f3dulo II:&nbsp; <\/strong>Adolescencias y juventudes en la escuela de hoy<\/p>\n\n\n\n<p><strong>M\u00f3dulo III:&nbsp; <\/strong>Desaf\u00edos de la Cultura Digital en escenarios educativos diversos<\/p>\n\n\n\n<p><strong>M\u00f3dulo IV: <\/strong>Acerca de las pr\u00e1cticas docentes: demandas y desaf\u00edos<\/p>\n\n\n\n<p><strong>M\u00f3dulo V: <\/strong>La relaci\u00f3n pedag\u00f3gica como marco del proceso de aprendizaje.&nbsp;&nbsp;<\/p>\n\n\n\n<p><strong>M\u00f3dulo VI: <\/strong>Estrategias de resoluci\u00f3n de conflictos en el marco de las instituciones educativas.<\/p>\n\n\n\n<p><strong>Taller Integrador <\/strong>\u201cEducar desde la diversidad\u201d\u00a0<\/p>\n\n\n\n<p><strong>Requisitos:<\/strong><\/p>\n\n\n\n<ul>\n<li><strong>&nbsp;<\/strong>Disponibilidad de&nbsp; 6 hs. semanales de dedicaci\u00f3n al curso<\/li>\n\n\n\n<li>&nbsp;Acceso a Internet&nbsp;<\/li>\n\n\n\n<li>Conocimientos b\u00e1sico de inform\u00e1tica y habilidades m\u00ednimas en aula virtual<\/li>\n<\/ul>\n","protected":false},"excerpt":{"rendered":"<p>Actualizaci\u00f3n Acad\u00e9mica Cohorte: 2023 Esta actualizaci\u00f3n acad\u00e9mica, que se propone desarrollar instancias de desarrollo profesional y formaci\u00f3n pedag\u00f3gica, promoviendo instancias de innovaci\u00f3n y transformaci\u00f3n en las instituciones educativas. Trabajaremos los aspectos de la tarea docente que aparecen como nuevos requerimientos y exigencias al rol profesional. Esta propuesta se aborda desde una perspectiva multireferencial que intenta &#8230; <a title=\"Formaci\u00f3n docente para nuevas pr\u00e1cticas\" class=\"read-more\" href=\"https:\/\/iset-tuc.infd.edu.ar\/sitio\/actualizacion-academica\/\" aria-label=\"More on Formaci\u00f3n docente para nuevas pr\u00e1cticas\">[+]<\/a><\/p>\n","protected":false},"author":262,"featured_media":0,"parent":0,"menu_order":0,"comment_status":"closed","ping_status":"closed","template":"","meta":[],"acf":[],"_links":{"self":[{"href":"https:\/\/iset-tuc.infd.edu.ar\/sitio\/wp-json\/wp\/v2\/pages\/2164"}],"collection":[{"href":"https:\/\/iset-tuc.infd.edu.ar\/sitio\/wp-json\/wp\/v2\/pages"}],"about":[{"href":"https:\/\/iset-tuc.infd.edu.ar\/sitio\/wp-json\/wp\/v2\/types\/page"}],"author":[{"embeddable":true,"href":"https:\/\/iset-tuc.infd.edu.ar\/sitio\/wp-json\/wp\/v2\/users\/262"}],"replies":[{"embeddable":true,"href":"https:\/\/iset-tuc.infd.edu.ar\/sitio\/wp-json\/wp\/v2\/comments?post=2164"}],"version-history":[{"count":8,"href":"https:\/\/iset-tuc.infd.edu.ar\/sitio\/wp-json\/wp\/v2\/pages\/2164\/revisions"}],"predecessor-version":[{"id":2395,"href":"https:\/\/iset-tuc.infd.edu.ar\/sitio\/wp-json\/wp\/v2\/pages\/2164\/revisions\/2395"}],"wp:attachment":[{"href":"https:\/\/iset-tuc.infd.edu.ar\/sitio\/wp-json\/wp\/v2\/media?parent=2164"}],"curies":[{"name":"wp","href":"https:\/\/api.w.org\/{rel}","templated":true}]}}