{"id":2180,"date":"2023-04-15T09:44:02","date_gmt":"2023-04-15T12:44:02","guid":{"rendered":"https:\/\/iset-tuc.infd.edu.ar\/sitio\/?page_id=2180"},"modified":"2023-04-25T11:27:10","modified_gmt":"2023-04-25T14:27:10","slug":"actualizacion-academica-2","status":"publish","type":"page","link":"https:\/\/iset-tuc.infd.edu.ar\/sitio\/actualizacion-academica-2\/","title":{"rendered":"Gesti\u00f3n\u00a0 Directiva y Pr\u00e1cticas Educativas"},"content":{"rendered":"\n<p><strong>Actualizaci\u00f3n Acad\u00e9mica<\/strong><\/p>\n\n\n\n<figure class=\"wp-block-image size-full is-resized\"><img decoding=\"async\" loading=\"lazy\" src=\"https:\/\/iset-tuc.infd.edu.ar\/sitio\/wp-content\/uploads\/2023\/04\/actgestion.png\" alt=\"\" class=\"wp-image-2181\" width=\"1024\" height=\"328\"\/><\/figure>\n\n\n\n<p>Esta Actualizaci\u00f3n Acad\u00e9mica asume el compromiso pol\u00edtico pedag\u00f3gico de contribuir a la formaci\u00f3n continua de directoras, directores y vicedirectoras\/es de nivel secundario de todas las modalidades, \u00e1reas y circuitos,que se encuentran en ejercicio.&nbsp; Tiene por objetivos centrales: contribuir a la formaci\u00f3n continua de directoras y directores en contextos complejos, fortalecer el compromiso \u00e9tico pol\u00edtico de directivos como garantes de la centralidad de la ense\u00f1anza como fin institucional y jerarquizar el trabajo de gesti\u00f3n directiva como una pr\u00e1ctica pol\u00edtica y democr\u00e1tica. Los dispositivos metodol\u00f3gicos se articulan en torno a un abordaje cr\u00edtico en relaci\u00f3n con los saberes pr\u00e1cticos, experienciales y marcos conceptuales diversos. La estructura curricular se organiza en 7 m\u00f3dulos. Cada espacio curricular se desarrollar\u00e1 con 4 encuentros y un Taller Final Integrador de 3 encuentros, todos de car\u00e1cter virtual dictados en la plataforma moodle del Ministerio de Educaci\u00f3n de Tucum\u00e1n<\/p>\n\n\n\n<p><strong>Modalidad:<\/strong> a distancia (virtual), en el Campus Virtual del Ministerio de Educaci\u00f3n &#8211; https:\/\/campus.educaciontuc.gov.ar\/lms\/<br><br><strong>Destinatarios:<\/strong> Directores y Vicedirectores con cargo del Nivel Secundario de todas las modalidades, las \u00e1reas y circuitos.<\/p>\n\n\n\n<p><strong>Carga horaria total: <\/strong>200 hs reloj<\/p>\n\n\n\n<p>Espacios Curriculares<\/p>\n\n\n\n<p><strong>M\u00f3dulo I &#8211; Seminario: La Construcci\u00f3n subjetiva e identitaria del rol Directivo&nbsp;&nbsp;&nbsp;<\/strong><\/p>\n\n\n\n<p><strong>&nbsp;M\u00f3dulo II &#8211; Seminario: Estrategias directivas en torno a liderazgo educativo<\/strong><\/p>\n\n\n\n<p><strong>&nbsp;M\u00f3dulo III &#8211; Taller: Acompa\u00f1amiento Pedag\u00f3gico como pr\u00e1ctica de gobierno y gesti\u00f3n directiva en contexto institucional e intercultural&nbsp;<\/strong><\/p>\n\n\n\n<p><strong>M\u00f3dulo IV &#8211; Seminario: Las Pol\u00edticas P\u00fablicas en Escenarios de Gesti\u00f3n Institucional<\/strong><\/p>\n\n\n\n<p><strong>M\u00f3dulo V &#8211; Taller: Gesti\u00f3n Directiva y TIC<\/strong><\/p>\n\n\n\n<p><strong>M\u00f3dulo VI -Seminario: Las Pr\u00e1cticas de Gobierno en Situaciones Institucionales Complejas&nbsp;&nbsp;<\/strong><\/p>\n\n\n\n<p><strong>M\u00f3dulo VII -Taller Integrador: <em>Narrar las pr\u00e1cticas de formaci\u00f3n&nbsp;<\/em><\/strong><\/p>\n\n\n\n<p><strong>Inicio: Mayo 2023\u00a0<\/strong><\/p>\n\n\n\n<p><strong>Preinscripcion:<\/strong>\u00a0del 25\/4 al 10\/5 de 19 a 21 hs. en ISET( Domingo Garc\u00eda 47)<\/p>\n\n\n\n<p><strong>Inscripci\u00f3n por plataforma FORMAR<\/strong><\/p>\n\n\n\n<p><br><\/p>\n","protected":false},"excerpt":{"rendered":"<p>Actualizaci\u00f3n Acad\u00e9mica Esta Actualizaci\u00f3n Acad\u00e9mica asume el compromiso pol\u00edtico pedag\u00f3gico de contribuir a la formaci\u00f3n continua de directoras, directores y vicedirectoras\/es de nivel secundario de todas las modalidades, \u00e1reas y circuitos,que se encuentran en ejercicio.&nbsp; Tiene por objetivos centrales: contribuir a la formaci\u00f3n continua de directoras y directores en contextos complejos, fortalecer el compromiso \u00e9tico &#8230; <a title=\"Gesti\u00f3n\u00a0 Directiva y Pr\u00e1cticas Educativas\" class=\"read-more\" href=\"https:\/\/iset-tuc.infd.edu.ar\/sitio\/actualizacion-academica-2\/\" aria-label=\"More on Gesti\u00f3n\u00a0 Directiva y Pr\u00e1cticas Educativas\">[+]<\/a><\/p>\n","protected":false},"author":262,"featured_media":0,"parent":0,"menu_order":0,"comment_status":"closed","ping_status":"closed","template":"","meta":[],"acf":[],"_links":{"self":[{"href":"https:\/\/iset-tuc.infd.edu.ar\/sitio\/wp-json\/wp\/v2\/pages\/2180"}],"collection":[{"href":"https:\/\/iset-tuc.infd.edu.ar\/sitio\/wp-json\/wp\/v2\/pages"}],"about":[{"href":"https:\/\/iset-tuc.infd.edu.ar\/sitio\/wp-json\/wp\/v2\/types\/page"}],"author":[{"embeddable":true,"href":"https:\/\/iset-tuc.infd.edu.ar\/sitio\/wp-json\/wp\/v2\/users\/262"}],"replies":[{"embeddable":true,"href":"https:\/\/iset-tuc.infd.edu.ar\/sitio\/wp-json\/wp\/v2\/comments?post=2180"}],"version-history":[{"count":6,"href":"https:\/\/iset-tuc.infd.edu.ar\/sitio\/wp-json\/wp\/v2\/pages\/2180\/revisions"}],"predecessor-version":[{"id":2262,"href":"https:\/\/iset-tuc.infd.edu.ar\/sitio\/wp-json\/wp\/v2\/pages\/2180\/revisions\/2262"}],"wp:attachment":[{"href":"https:\/\/iset-tuc.infd.edu.ar\/sitio\/wp-json\/wp\/v2\/media?parent=2180"}],"curies":[{"name":"wp","href":"https:\/\/api.w.org\/{rel}","templated":true}]}}