{"id":2205,"date":"2023-04-15T10:01:06","date_gmt":"2023-04-15T13:01:06","guid":{"rendered":"https:\/\/iset-tuc.infd.edu.ar\/sitio\/?page_id=2205"},"modified":"2023-04-24T20:37:25","modified_gmt":"2023-04-24T23:37:25","slug":"acompanamiento-a-las-trayectorias-escolares-en-la-educacion-tecnico-profesional","status":"publish","type":"page","link":"https:\/\/iset-tuc.infd.edu.ar\/sitio\/acompanamiento-a-las-trayectorias-escolares-en-la-educacion-tecnico-profesional\/","title":{"rendered":"Acompa\u00f1amiento a las Trayectorias Escolares en la ETP"},"content":{"rendered":"\n<p><strong>Actualizaci\u00f3n Acad\u00e9mica<\/strong><\/p>\n\n\n\n<figure class=\"wp-block-image size-full is-resized\"><img decoding=\"async\" loading=\"lazy\" src=\"https:\/\/iset-tuc.infd.edu.ar\/sitio\/wp-content\/uploads\/2023\/04\/trayectorias-2.png\" alt=\"\" class=\"wp-image-2206\" width=\"1019\" height=\"311\"\/><\/figure>\n\n\n\n<p><strong>Modalidad: a distancia<\/strong> (virtual)<strong>, <\/strong>en el&nbsp; Campus Virtual del Ministerio de Educaci\u00f3n &#8211; https:\/\/campus.educaciontuc.gov.ar\/lms\/<\/p>\n\n\n\n<p><strong><em>Destinatarios <\/em><\/strong><em>: Directivos, Docentes, Asesor Pedag\u00f3gico, Tutor, Preceptor, Secretario de Nivel Secundario, de la Modalidad T\u00e9cnico Profesional de todas las \u00e1reas. Circuito: todos los Circuitos (I,II,III ,IV, V ).<\/em><\/p>\n\n\n\n<p><strong>Carga horaria total: <\/strong>200 hs reloj<\/p>\n\n\n\n<p><strong>Inicio: Mayo 2023\u00a0<\/strong><\/p>\n\n\n\n<p><strong>Preinscripcion:<\/strong> del 25\/4 al 10\/5 de 19 a 21 hs. en ISET( Domingo Garc\u00eda 47)<\/p>\n\n\n\n<p><em>La presente actualizaci\u00f3n tiene como objetivo general promover instancias de desarrollo profesional y formaci\u00f3n pedag\u00f3gica, las cuales constituyen funciones primordiales del ISET<\/em><strong><em>. <\/em><\/strong><em>Esta propuesta prioriza el fortalecimiento de la pr\u00e1ctica de ense\u00f1anza desde una perspectiva constructivista, tendiente a mejorar las condiciones y modos de trabajo de los distintos docentes de la educaci\u00f3n en la modalidad t\u00e9cnico-profesional, potenciando la articulaci\u00f3n de contenidos, estrategias y criterios de evaluaci\u00f3n, fortaleciendo la continuidad de los aprendizajes. En este marco, otro aspecto que resulta relevante es el que representan las TIC como una fuente de influencia y generaci\u00f3n de modelos, patrones sociales y valores que nos hacen necesariamente repensar los procesos en general y los de ense\u00f1anza y de aprendizaje en particular.<\/em><\/p>\n\n\n\n<p><em>ESPACIOS CURRICULARES&nbsp;<\/em><\/p>\n\n\n\n<p><em>M\u00f3dulo 1. Principios, derechos y reglamentaciones de la Educaci\u00f3n T\u00e9cnico Profesional.<\/em><\/p>\n\n\n\n<p><em>M\u00f3dulo 2. Las pr\u00e1cticas escolares de las Escuelas T\u00e9cnicas<\/em><\/p>\n\n\n\n<p><em>M\u00f3dulo 3. La relaci\u00f3n pedag\u00f3gica y los procesos de ense\u00f1anza, aprendizaje y comunicaci\u00f3n<\/em><\/p>\n\n\n\n<p><em>M\u00f3dulo 4 &#8211; Las trayectorias escolares en el contexto de la Cultura Digital<\/em><\/p>\n\n\n\n<p><em>M\u00f3dulo 5. Las pr\u00e1cticas tutoriales: estrategias de acompa\u00f1amiento y atenci\u00f3n a la diversidad.<\/em><\/p>\n\n\n\n<p><em>M\u00f3dulo 6. Estrategias did\u00e1cticas en el marco de la ETP: Dise\u00f1o y elaboraci\u00f3n de propuestas de intervenci\u00f3n institucional<\/em><\/p>\n\n\n\n<p><em>M\u00f3dulo 7 &#8211; Integrador (Modalidad de trabajo Taller): An\u00e1lisis de propuestas institucionales de acompa\u00f1amiento<\/em><\/p>\n","protected":false},"excerpt":{"rendered":"<p>Actualizaci\u00f3n Acad\u00e9mica Modalidad: a distancia (virtual), en el&nbsp; Campus Virtual del Ministerio de Educaci\u00f3n &#8211; https:\/\/campus.educaciontuc.gov.ar\/lms\/ Destinatarios : Directivos, Docentes, Asesor Pedag\u00f3gico, Tutor, Preceptor, Secretario de Nivel Secundario, de la Modalidad T\u00e9cnico Profesional de todas las \u00e1reas. Circuito: todos los Circuitos (I,II,III ,IV, V ). Carga horaria total: 200 hs reloj Inicio: Mayo 2023\u00a0 Preinscripcion: &#8230; <a title=\"Acompa\u00f1amiento a las Trayectorias Escolares en la ETP\" class=\"read-more\" href=\"https:\/\/iset-tuc.infd.edu.ar\/sitio\/acompanamiento-a-las-trayectorias-escolares-en-la-educacion-tecnico-profesional\/\" aria-label=\"More on Acompa\u00f1amiento a las Trayectorias Escolares en la ETP\">[+]<\/a><\/p>\n","protected":false},"author":262,"featured_media":0,"parent":0,"menu_order":0,"comment_status":"closed","ping_status":"closed","template":"","meta":[],"acf":[],"_links":{"self":[{"href":"https:\/\/iset-tuc.infd.edu.ar\/sitio\/wp-json\/wp\/v2\/pages\/2205"}],"collection":[{"href":"https:\/\/iset-tuc.infd.edu.ar\/sitio\/wp-json\/wp\/v2\/pages"}],"about":[{"href":"https:\/\/iset-tuc.infd.edu.ar\/sitio\/wp-json\/wp\/v2\/types\/page"}],"author":[{"embeddable":true,"href":"https:\/\/iset-tuc.infd.edu.ar\/sitio\/wp-json\/wp\/v2\/users\/262"}],"replies":[{"embeddable":true,"href":"https:\/\/iset-tuc.infd.edu.ar\/sitio\/wp-json\/wp\/v2\/comments?post=2205"}],"version-history":[{"count":6,"href":"https:\/\/iset-tuc.infd.edu.ar\/sitio\/wp-json\/wp\/v2\/pages\/2205\/revisions"}],"predecessor-version":[{"id":2253,"href":"https:\/\/iset-tuc.infd.edu.ar\/sitio\/wp-json\/wp\/v2\/pages\/2205\/revisions\/2253"}],"wp:attachment":[{"href":"https:\/\/iset-tuc.infd.edu.ar\/sitio\/wp-json\/wp\/v2\/media?parent=2205"}],"curies":[{"name":"wp","href":"https:\/\/api.w.org\/{rel}","templated":true}]}}