{"id":2302,"date":"2023-10-20T20:13:37","date_gmt":"2023-10-20T23:13:37","guid":{"rendered":"https:\/\/iset-tuc.infd.edu.ar\/sitio\/?page_id=2302"},"modified":"2026-03-06T06:38:16","modified_gmt":"2026-03-06T09:38:16","slug":"preinscripciones-para-el-2024-habilitadas-hasta-el-22-12-2023-en-las-siguientes-carreras","status":"publish","type":"page","link":"https:\/\/iset-tuc.infd.edu.ar\/sitio\/preinscripciones-para-el-2024-habilitadas-hasta-el-22-12-2023-en-las-siguientes-carreras\/","title":{"rendered":"Pre &#8211; inscripciones 2026"},"content":{"rendered":"\n<h2 class=\"wp-block-heading\"><\/h2>\n\n\n\n<p class=\"has-large-font-size\"><strong>Pre &#8211; inscripciones para el 2026 en las siguientes carreras:<\/strong><\/p>\n\n\n<div class=\"wp-block-image\">\n<figure class=\"aligncenter size-full is-resized\"><img decoding=\"async\" loading=\"lazy\" src=\"https:\/\/iset-tuc.infd.edu.ar\/sitio\/wp-content\/uploads\/2024\/08\/carreras2.png\" alt=\"\" class=\"wp-image-2424\" width=\"620\" height=\"309\"\/><\/figure><\/div>\n\n\n<h2 class=\"wp-block-heading\">Requisitos:<\/h2>\n\n\n\n<ul>\n<li>El aspirante&nbsp;debe poseer t\u00edtulo secundario completo (consultar situaciones particulares escribiendo a: correoiset@yahoo.com.ar)<\/li>\n\n\n\n<li>El tr\u00e1mite es personal.<\/li>\n\n\n\n<li>Si el aspirante es extranjero, y su t\u00edtulo secundario de otro pa\u00eds, este debe estar registrado seg\u00fan normativas del Estado Argentino.<\/li>\n<\/ul>\n\n\n\n<h4 class=\"wp-block-heading\">Documentaci\u00f3n Requerida:<\/h4>\n\n\n\n<ol>\n<li><ol><li>&nbsp;&nbsp;Fotocopia DNI (ambos lados en formato papel)<\/li><li>&nbsp;&nbsp;Fotocopia de T\u00edtulo secundario (ambos lados, copia legible en formato papel) o, en su defecto, constancia original de<\/li><\/ol>            T\u00edtulo en Tr\u00e1mite\n<ol start=\"3\">\n<li>&nbsp;&nbsp;Acta de Nacimiento con fecha actualizada.<\/li>\n\n\n\n<li>&nbsp;&nbsp;Dos fotos color, 4\u00d74, tama\u00f1o tipo carnet.&nbsp;<\/li>\n\n\n\n<li>&nbsp;&nbsp;Certificado de Grupo Sangu\u00edneo.&nbsp;<\/li>\n\n\n\n<li>&nbsp;&nbsp;Certificado de Residencia (en la comisar\u00eda cercana)<\/li>\n\n\n\n<li>&nbsp;&nbsp;Certificado de Buena Conducta (<a href=\"http:\/\/www.policiadetucuman.gov.ar\/\">www.policiadetucuman.gov.ar)<\/a><\/li>\n\n\n\n<li>&nbsp;Certificado de Antecedentes Penales (<a href=\"https:\/\/www.google.com.mx\/url?sa=t&amp;rct=j&amp;q=&amp;esrc=s&amp;source=web&amp;cd=&amp;ved=2ahUKEwjUzNPj39PsAhW5ILkGHa9OBMIQFjAAegQIAxAC&amp;url=https%3A%2F%2Fwww.argentina.gob.ar%2Fjusticia%2Freincidencia&amp;usg=AOvVaw0h9-LqseuZmbTAs6cPfF4j\">Registro Nacional de Reincidencia | Argentina.gob.ar www.argentina.gob.ar \u203a justicia \u203a reincidencia)<\/a><\/li>\n\n\n\n<li>&nbsp;Certificado de Aptitud F\u00edsica.&nbsp;<\/li>\n\n\n\n<li>Copia de otra titulaci\u00f3n que posea el estudiante.&nbsp;(opcional)<\/li>\n\n\n\n<li>Por normativa del Ministerio de Educaci\u00f3n todos los alumnos deben contar con un seguro anual obligatorio.&nbsp; Dicho seguro debe ser abonado en la instituci\u00f3n en el momento de la inscripci\u00f3n con un importe a confirmar por el prestador del servicio.<\/li>\n\n\n\n<li>La instituci\u00f3n cuenta con cooperadora por lo que se abona una cuota anual \u00fanica.&nbsp;El importe se informar\u00e1 a la brevedad.<\/li>\n<\/ol>\n<\/li>\n<\/ol>\n\n\n\n<h3 class=\"wp-block-heading\">El Taller Introductorio es obligatorio e iniciar\u00e1 en Marzo 2026.<\/h3>\n\n\n\n<h4 class=\"wp-block-heading\">&nbsp;Informaci\u00f3n y Aclaraciones:&nbsp;<\/h4>\n\n\n\n<ul>\n<li>El taller dar\u00e1 inicio en Marzo de 2026 en modalidad presencial en el ISET sita en calle Domingo Garc\u00eda 47 a 19:00 Hs. <\/li>\n\n\n\n<li>El cursado se desarrollar\u00e1 de lunes a viernes de 19:00 hs. a 23:30 hs.&nbsp; en la instituci\u00f3n.<\/li>\n<\/ul>\n\n\n\n<ul>\n<li>El aspirante deber\u00e1 completar formulario y documentaci\u00f3n para concretar la preinscripci\u00f3n.<\/li>\n\n\n\n<li>Luego se le asignar\u00e1 un turno presencial para llevar la documentaci\u00f3n al ISET e iniciar el legajo institucional. Para solicitar el turno, debe contar con la siguiente documentaci\u00f3n m\u00ednima:\n<ul>\n<li><ol><li>&nbsp;&nbsp;Fotocopia DNI (ambos lados en formato papel)<\/li><li>&nbsp;&nbsp;Fotocopia de T\u00edtulo secundario (ambos lados, copia legible en formato papel) o, en su defecto, constancia original de<\/li><\/ol>T\u00edtulo en Tr\u00e1mite\n<ol start=\"3\">\n<li>&nbsp;&nbsp;Acta de Nacimiento con fecha actualizada.<\/li>\n\n\n\n<li>&nbsp;&nbsp;Certificado de Residencia (en la comisar\u00eda cercana)<\/li>\n<\/ol>\n<\/li>\n<\/ul>\n<\/li>\n\n\n\n<li>El taller de ingreso es obligatorio para todos los aspirantes. inicia en marzo de 2026.<\/li>\n\n\n\n<li>Lugar de inscripci\u00f3n presencial&nbsp;<strong>con turno<\/strong>: Instituto Superior de Educaci\u00f3n Tecnol\u00f3gica (ISET) \u2013 Domingo Garc\u00eda 47 \u2013 Altura Av. S\u00e1enz Pe\u00f1a 300&nbsp;<\/li>\n\n\n\n<li>Lugar de cursado presencial: Edificio del &nbsp;ISET y la Escuela T\u00e9cnica N\u00b0 2 \u00abObispo Colombres\u00bb.<\/li>\n\n\n\n<li>Lugar de Cursado virtual:&nbsp;https:\/\/iset-tuc.infd.edu.ar\/aula <\/li>\n\n\n\n<li>Es importante que el estudiante cuente con una conexi\u00f3n de internet propia y&nbsp; un dispositivo tecnol\u00f3gico que le permita acceder&nbsp; al campus virtual del ISET, herramienta de apoyo a las clases presenciales.<\/li>\n\n\n\n<li>Seguro obligatorio: El importe se actualiza anualmente y su pago es obligatorio por indicaci\u00f3n de la superioridad ministerial. El primer dia que el estudiante asista a la instituci\u00f3n en forma presencial en el mes de Febrero 2026 debe abonar  $35.000 (treinta y cinco mil pesos).<\/li>\n\n\n\n<li>Cuota \u00fanica anual: Es la que establece la cooperadora del ISET y su importe se actualiza anualmente. Con este pago el aspirante garantiza la reserva de cupo. Para 2026 este importe ser\u00e1 de $ 35.000 (treinta y cinco mil pesos)<\/li>\n\n\n\n<li>Certificado de Aptitud F\u00edsica: es preferible que se realice en organismos de salud p\u00fablica.<\/li>\n<\/ul>\n\n\n\n<h4 class=\"wp-block-heading\">Importante:<\/h4>\n\n\n\n<p>Todas las carreras cuentan con un cupo l\u00edmite que responde a brindar una formaci\u00f3n de calidad,&nbsp; por este motivo a medida que dichos cupos se van completando las propuestas presentadas de cada tecnicatura dejan de estar disponible para su pre \u2013 inscripci\u00f3n.&nbsp;<strong>Pre inscribite&nbsp;cuanto antes!!!<\/strong><\/p>\n\n\n\n<h4 class=\"wp-block-heading\">Sobre otros gastos de cursado.<\/h4>\n\n\n\n<ul>\n<li>Para los talleres y laboratorios, el estudiante deber\u00e1 contar con medidas de protecci\u00f3n y de vestimenta apropiada, acorde a actividad que desarrolla seg\u00fan la especialidad. Por ejemplo: m\u00e1scara protectora, casco, delantal, guantes  y todo elemento que se requiera para pr\u00e1cticas o experimentos espec\u00edficos.<\/li>\n\n\n\n<li>Los elementos de trabajo personal deber\u00e1n ser adquiridos por el estudiante. Por ejemplo: placas, caja de herramientas, insumos de pr\u00e1cticas para laboratorio como algod\u00f3n, alcohol, agua destilada. <\/li>\n\n\n\n<li>Partes de ex\u00e1menes se abona por aparte en cada turno de examen, la recaudaci\u00f3n de este concepto es destinado a la compra de formularios de actas de examen y de constancias.<\/li>\n<\/ul>\n\n\n\n<p><strong>Si est\u00e1 interesado en iniciar el proceso de inscripci\u00f3n realice click&nbsp;<a href=\"https:\/\/forms.gle\/pQ584fhsEBDwDVmx9\" data-type=\"URL\" data-id=\"https:\/\/forms.gle\/pQ584fhsEBDwDVmx9\" target=\"_blank\" rel=\"noreferrer noopener\">aqu\u00ed.&nbsp;<\/a><\/strong><\/p>\n","protected":false},"excerpt":{"rendered":"<p>Pre &#8211; inscripciones para el 2026 en las siguientes carreras: Requisitos: Documentaci\u00f3n Requerida: El Taller Introductorio es obligatorio e iniciar\u00e1 en Marzo 2026. &nbsp;Informaci\u00f3n y Aclaraciones:&nbsp; Importante: Todas las carreras cuentan con un cupo l\u00edmite que responde a brindar una formaci\u00f3n de calidad,&nbsp; por este motivo a medida que dichos cupos se van completando las &#8230; <a title=\"Pre &#8211; inscripciones 2026\" class=\"read-more\" href=\"https:\/\/iset-tuc.infd.edu.ar\/sitio\/preinscripciones-para-el-2024-habilitadas-hasta-el-22-12-2023-en-las-siguientes-carreras\/\" aria-label=\"More on Pre &#8211; inscripciones 2026\">[+]<\/a><\/p>\n","protected":false},"author":262,"featured_media":0,"parent":0,"menu_order":0,"comment_status":"closed","ping_status":"closed","template":"","meta":[],"acf":[],"_links":{"self":[{"href":"https:\/\/iset-tuc.infd.edu.ar\/sitio\/wp-json\/wp\/v2\/pages\/2302"}],"collection":[{"href":"https:\/\/iset-tuc.infd.edu.ar\/sitio\/wp-json\/wp\/v2\/pages"}],"about":[{"href":"https:\/\/iset-tuc.infd.edu.ar\/sitio\/wp-json\/wp\/v2\/types\/page"}],"author":[{"embeddable":true,"href":"https:\/\/iset-tuc.infd.edu.ar\/sitio\/wp-json\/wp\/v2\/users\/262"}],"replies":[{"embeddable":true,"href":"https:\/\/iset-tuc.infd.edu.ar\/sitio\/wp-json\/wp\/v2\/comments?post=2302"}],"version-history":[{"count":19,"href":"https:\/\/iset-tuc.infd.edu.ar\/sitio\/wp-json\/wp\/v2\/pages\/2302\/revisions"}],"predecessor-version":[{"id":2496,"href":"https:\/\/iset-tuc.infd.edu.ar\/sitio\/wp-json\/wp\/v2\/pages\/2302\/revisions\/2496"}],"wp:attachment":[{"href":"https:\/\/iset-tuc.infd.edu.ar\/sitio\/wp-json\/wp\/v2\/media?parent=2302"}],"curies":[{"name":"wp","href":"https:\/\/api.w.org\/{rel}","templated":true}]}}