{"id":938,"date":"2018-07-02T22:17:30","date_gmt":"2018-07-03T01:17:30","guid":{"rendered":"https:\/\/iset-tuc.infd.edu.ar\/sitio\/autoridades\/"},"modified":"2022-09-11T02:13:09","modified_gmt":"2022-09-11T05:13:09","slug":"equipo","status":"publish","type":"page","link":"https:\/\/iset-tuc.infd.edu.ar\/sitio\/equipo\/","title":{"rendered":"Nuestro Equipo"},"content":{"rendered":"\n<figure class=\"wp-block-table is-style-stripes\"><table><tbody><tr><td><strong>Directora de ISET<\/strong><\/td><td><\/td><\/tr><tr><td><br><br><br>Prof. Esp. Ing. Rosana Hadad Salomon.<br>&nbsp;<br>correoiset@yahoo.com.ar&nbsp;<\/td><td><img decoding=\"async\" loading=\"lazy\" width=\"233\" height=\"263\" src=\"https:\/\/iset-tuc.infd.edu.ar\/sitio\/wp-content\/uploads\/2020\/06\/Foto-Ro.png\" alt=\"Desde marzo de 2019\"><\/td><\/tr><\/tbody><\/table><\/figure>\n\n\n\n<figure class=\"wp-block-table is-style-stripes\"><table class=\"has-fixed-layout\"><tbody><tr><td><strong>Coordinadores de carrera<\/strong><\/td><\/tr><tr><td><br>Prof. Diego Figueroa &#8211; Coord. de la Tecnicatura  Superior en Desarrollo de Software<br><br>Prof. Natalia Jimenez &#8211; Coord. de la Tecnicatura Superior en Bioenerg\u00eda<br><br>Prof. Romina Rueda &#8211; Coord. de la Tecnicatura Superior en Gesti\u00f3n Ambiental<br><br>Prof. Jorge Leiva &#8211; Coord. de la Tecnicatura Superior en Automatizaci\u00f3n y Rob\u00f3tica Industrial<\/td><\/tr><\/tbody><\/table><\/figure>\n\n\n\n<style>\ntable{background-color:#B3E7EF;color:#2a2a2a;\nborder: 2px solid #1F628E;\n}\n<\/style>\n<figure class=\"wp-block-table is-style-stripes\"><table><tbody><tr><td><strong>Capacitadores Docentes<\/strong><\/td><td><\/td><\/tr><tr><td><br>Ameijde, Mar\u00eda In\u00e9s<br><br>Barrionuevo, Anal\u00eda Del Valle<br><br>Campos, Norma A\u00edda<br><br>Corbella, Marta Viviana<br><br>D\u00edaz, Miguel Angel<br><br>Espinosa Arce, Mercedes<br><br>Godoy, Mar\u00eda Magdalena<br><br>Gonzalez, Juana Benita<br><br>Lahorca, Maximiliano<br><br><\/td><td>Naclerio Torres, Luiz Cristiano<br><br>Nanni, Norma Susana<br><br>Nu\u00f1ez Campero, Ana Sof\u00eda<br><br>Oris Ramon Antonio<br><br>Ruiz, Bruno Fabricio<br><br>Ruiz de&nbsp; Huidobro, Susana Beatriz<br><br>S\u00e1ez, Mar\u00eda Marta<br><br>Soria, Gustavo Javier<br><br>Zelaya Reinoso, Pablo Santiago<\/td><\/tr><\/tbody><\/table><\/figure>\n","protected":false},"excerpt":{"rendered":"<p>Directora de ISET Prof. Esp. Ing. Rosana Hadad Salomon.&nbsp;correoiset@yahoo.com.ar&nbsp; Coordinadores de carrera Prof. Diego Figueroa &#8211; Coord. de la Tecnicatura Superior en Desarrollo de Software Prof. Natalia Jimenez &#8211; Coord. de la Tecnicatura Superior en Bioenerg\u00eda Prof. Romina Rueda &#8211; Coord. de la Tecnicatura Superior en Gesti\u00f3n Ambiental Prof. Jorge Leiva &#8211; Coord. de la &#8230; <a title=\"Nuestro Equipo\" class=\"read-more\" href=\"https:\/\/iset-tuc.infd.edu.ar\/sitio\/equipo\/\" aria-label=\"More on Nuestro Equipo\">[+]<\/a><\/p>\n","protected":false},"author":2160,"featured_media":0,"parent":0,"menu_order":0,"comment_status":"closed","ping_status":"closed","template":"","meta":[],"acf":[],"_links":{"self":[{"href":"https:\/\/iset-tuc.infd.edu.ar\/sitio\/wp-json\/wp\/v2\/pages\/938"}],"collection":[{"href":"https:\/\/iset-tuc.infd.edu.ar\/sitio\/wp-json\/wp\/v2\/pages"}],"about":[{"href":"https:\/\/iset-tuc.infd.edu.ar\/sitio\/wp-json\/wp\/v2\/types\/page"}],"author":[{"embeddable":true,"href":"https:\/\/iset-tuc.infd.edu.ar\/sitio\/wp-json\/wp\/v2\/users\/2160"}],"replies":[{"embeddable":true,"href":"https:\/\/iset-tuc.infd.edu.ar\/sitio\/wp-json\/wp\/v2\/comments?post=938"}],"version-history":[{"count":58,"href":"https:\/\/iset-tuc.infd.edu.ar\/sitio\/wp-json\/wp\/v2\/pages\/938\/revisions"}],"predecessor-version":[{"id":2045,"href":"https:\/\/iset-tuc.infd.edu.ar\/sitio\/wp-json\/wp\/v2\/pages\/938\/revisions\/2045"}],"wp:attachment":[{"href":"https:\/\/iset-tuc.infd.edu.ar\/sitio\/wp-json\/wp\/v2\/media?parent=938"}],"curies":[{"name":"wp","href":"https:\/\/api.w.org\/{rel}","templated":true}]}}